{"id":9214,"date":"2025-04-16T12:36:41","date_gmt":"2025-04-16T09:36:41","guid":{"rendered":"https:\/\/skamachine.com\/urun\/silindirik-saftli-pens-basligi-er-40x80\/"},"modified":"2025-04-16T12:36:41","modified_gmt":"2025-04-16T09:36:41","slug":"silindirik-saftli-pens-basligi-er-40x80","status":"publish","type":"product","link":"https:\/\/skamachine.com\/ru\/urun\/silindirik-saftli-pens-basligi-er-40x80\/","title":{"rendered":"Silindirik \u015eaftl\u0131 Pens Ba\u015fl\u0131\u011f\u0131 ER 40&#215;80:"},"content":{"rendered":"<p><img fetchpriority=\"high\" decoding=\"async\" class=\"alignnone wp-image-2468 size-full\" src=\"http:\/\/skamachine.com\/wp-content\/uploads\/2025\/04\/SILINDIRIK-SAFTLI-PENS-BASLIGI-40.webp\" alt=\"\" width=\"1693\" height=\"580\" srcset=\"https:\/\/skamachine.com\/wp-content\/uploads\/2025\/04\/SILINDIRIK-SAFTLI-PENS-BASLIGI-40.webp 1693w, https:\/\/skamachine.com\/wp-content\/uploads\/2025\/04\/SILINDIRIK-SAFTLI-PENS-BASLIGI-40-600x206.webp 600w, https:\/\/skamachine.com\/wp-content\/uploads\/2025\/04\/SILINDIRIK-SAFTLI-PENS-BASLIGI-40-300x103.webp 300w, https:\/\/skamachine.com\/wp-content\/uploads\/2025\/04\/SILINDIRIK-SAFTLI-PENS-BASLIGI-40-1024x351.webp 1024w, https:\/\/skamachine.com\/wp-content\/uploads\/2025\/04\/SILINDIRIK-SAFTLI-PENS-BASLIGI-40-768x263.webp 768w, https:\/\/skamachine.com\/wp-content\/uploads\/2025\/04\/SILINDIRIK-SAFTLI-PENS-BASLIGI-40-1536x526.webp 1536w\" sizes=\"(max-width: 1693px) 100vw, 1693px\" \/><\/p>\n","protected":false},"excerpt":{"rendered":"<p><img fetchpriority=\"high\" decoding=\"async\" class=\"alignnone wp-image-2468 size-full\" src=\"http:\/\/skamachine.com\/wp-content\/uploads\/2025\/04\/SILINDIRIK-SAFTLI-PENS-BASLIGI-40.webp\" alt=\"\" width=\"1693\" height=\"580\" srcset=\"https:\/\/skamachine.com\/wp-content\/uploads\/2025\/04\/SILINDIRIK-SAFTLI-PENS-BASLIGI-40.webp 1693w, https:\/\/skamachine.com\/wp-content\/uploads\/2025\/04\/SILINDIRIK-SAFTLI-PENS-BASLIGI-40-600x206.webp 600w, https:\/\/skamachine.com\/wp-content\/uploads\/2025\/04\/SILINDIRIK-SAFTLI-PENS-BASLIGI-40-300x103.webp 300w, https:\/\/skamachine.com\/wp-content\/uploads\/2025\/04\/SILINDIRIK-SAFTLI-PENS-BASLIGI-40-1024x351.webp 1024w, https:\/\/skamachine.com\/wp-content\/uploads\/2025\/04\/SILINDIRIK-SAFTLI-PENS-BASLIGI-40-768x263.webp 768w, https:\/\/skamachine.com\/wp-content\/uploads\/2025\/04\/SILINDIRIK-SAFTLI-PENS-BASLIGI-40-1536x526.webp 1536w\" sizes=\"(max-width: 1693px) 100vw, 1693px\" \/><\/p>\n","protected":false},"featured_media":9215,"comment_status":"open","ping_status":"closed","template":"","meta":[],"product_brand":[],"product_cat":[211],"product_tag":[],"class_list":{"0":"post-9214","1":"product","2":"type-product","3":"status-publish","4":"has-post-thumbnail","6":"product_cat--sspb-sst","8":"first","9":"instock","10":"shipping-taxable","11":"product-type-simple"},"_links":{"self":[{"href":"https:\/\/skamachine.com\/ru\/wp-json\/wp\/v2\/product\/9214","targetHints":{"allow":["GET"]}}],"collection":[{"href":"https:\/\/skamachine.com\/ru\/wp-json\/wp\/v2\/product"}],"about":[{"href":"https:\/\/skamachine.com\/ru\/wp-json\/wp\/v2\/types\/product"}],"replies":[{"embeddable":true,"href":"https:\/\/skamachine.com\/ru\/wp-json\/wp\/v2\/comments?post=9214"}],"wp:featuredmedia":[{"embeddable":true,"href":"https:\/\/skamachine.com\/ru\/wp-json\/wp\/v2\/media\/9215"}],"wp:attachment":[{"href":"https:\/\/skamachine.com\/ru\/wp-json\/wp\/v2\/media?parent=9214"}],"wp:term":[{"taxonomy":"product_brand","embeddable":true,"href":"https:\/\/skamachine.com\/ru\/wp-json\/wp\/v2\/product_brand?post=9214"},{"taxonomy":"product_cat","embeddable":true,"href":"https:\/\/skamachine.com\/ru\/wp-json\/wp\/v2\/product_cat?post=9214"},{"taxonomy":"product_tag","embeddable":true,"href":"https:\/\/skamachine.com\/ru\/wp-json\/wp\/v2\/product_tag?post=9214"}],"curies":[{"name":"wp","href":"https:\/\/api.w.org\/{rel}","templated":true}]}}