{"id":9149,"date":"2025-04-16T12:38:22","date_gmt":"2025-04-16T09:38:22","guid":{"rendered":"https:\/\/skamachine.com\/urun\/casquillo-de-reduccion-con-vastago-cilindrico-sst-40x10\/"},"modified":"2025-04-16T12:38:22","modified_gmt":"2025-04-16T09:38:22","slug":"casquillo-de-reduccion-con-vastago-cilindrico-sst-40x10","status":"publish","type":"product","link":"https:\/\/skamachine.com\/es\/urun\/casquillo-de-reduccion-con-vastago-cilindrico-sst-40x10\/","title":{"rendered":"Casquillo de reducci\u00f3n con v\u00e1stago cil\u00edndrico SST-40X10"},"content":{"rendered":"<p><img fetchpriority=\"high\" decoding=\"async\" class=\"alignnone wp-image-2466 size-full\" src=\"http:\/\/skamachine.com\/wp-content\/uploads\/2025\/04\/silindiril-saftli-reduksiyon-kovan-40.webp\" alt=\"\" width=\"1243\" height=\"822\" srcset=\"https:\/\/skamachine.com\/wp-content\/uploads\/2025\/04\/silindiril-saftli-reduksiyon-kovan-40.webp 1243w, https:\/\/skamachine.com\/wp-content\/uploads\/2025\/04\/silindiril-saftli-reduksiyon-kovan-40-600x397.webp 600w, https:\/\/skamachine.com\/wp-content\/uploads\/2025\/04\/silindiril-saftli-reduksiyon-kovan-40-300x198.webp 300w, https:\/\/skamachine.com\/wp-content\/uploads\/2025\/04\/silindiril-saftli-reduksiyon-kovan-40-1024x677.webp 1024w, https:\/\/skamachine.com\/wp-content\/uploads\/2025\/04\/silindiril-saftli-reduksiyon-kovan-40-768x508.webp 768w\" sizes=\"(max-width: 1243px) 100vw, 1243px\" \/><\/p>\n","protected":false},"excerpt":{"rendered":"<p><img fetchpriority=\"high\" decoding=\"async\" class=\"alignnone wp-image-2466 size-full\" src=\"http:\/\/skamachine.com\/wp-content\/uploads\/2025\/04\/silindiril-saftli-reduksiyon-kovan-40.webp\" alt=\"\" width=\"1243\" height=\"822\" srcset=\"https:\/\/skamachine.com\/wp-content\/uploads\/2025\/04\/silindiril-saftli-reduksiyon-kovan-40.webp 1243w, https:\/\/skamachine.com\/wp-content\/uploads\/2025\/04\/silindiril-saftli-reduksiyon-kovan-40-600x397.webp 600w, https:\/\/skamachine.com\/wp-content\/uploads\/2025\/04\/silindiril-saftli-reduksiyon-kovan-40-300x198.webp 300w, https:\/\/skamachine.com\/wp-content\/uploads\/2025\/04\/silindiril-saftli-reduksiyon-kovan-40-1024x677.webp 1024w, https:\/\/skamachine.com\/wp-content\/uploads\/2025\/04\/silindiril-saftli-reduksiyon-kovan-40-768x508.webp 768w\" sizes=\"(max-width: 1243px) 100vw, 1243px\" \/><\/p>\n","protected":false},"featured_media":9150,"comment_status":"open","ping_status":"closed","template":"","meta":[],"product_brand":[],"product_cat":[212],"product_tag":[],"class_list":{"0":"post-9149","1":"product","2":"type-product","3":"status-publish","4":"has-post-thumbnail","6":"product_cat-grupo-sspb-sst","8":"first","9":"instock","10":"shipping-taxable","11":"product-type-simple"},"_links":{"self":[{"href":"https:\/\/skamachine.com\/es\/wp-json\/wp\/v2\/product\/9149","targetHints":{"allow":["GET"]}}],"collection":[{"href":"https:\/\/skamachine.com\/es\/wp-json\/wp\/v2\/product"}],"about":[{"href":"https:\/\/skamachine.com\/es\/wp-json\/wp\/v2\/types\/product"}],"replies":[{"embeddable":true,"href":"https:\/\/skamachine.com\/es\/wp-json\/wp\/v2\/comments?post=9149"}],"wp:featuredmedia":[{"embeddable":true,"href":"https:\/\/skamachine.com\/es\/wp-json\/wp\/v2\/media\/9150"}],"wp:attachment":[{"href":"https:\/\/skamachine.com\/es\/wp-json\/wp\/v2\/media?parent=9149"}],"wp:term":[{"taxonomy":"product_brand","embeddable":true,"href":"https:\/\/skamachine.com\/es\/wp-json\/wp\/v2\/product_brand?post=9149"},{"taxonomy":"product_cat","embeddable":true,"href":"https:\/\/skamachine.com\/es\/wp-json\/wp\/v2\/product_cat?post=9149"},{"taxonomy":"product_tag","embeddable":true,"href":"https:\/\/skamachine.com\/es\/wp-json\/wp\/v2\/product_tag?post=9149"}],"curies":[{"name":"wp","href":"https:\/\/api.w.org\/{rel}","templated":true}]}}