{"id":9133,"date":"2025-04-16T12:38:49","date_gmt":"2025-04-16T09:38:49","guid":{"rendered":"https:\/\/skamachine.com\/urun\/casquillo-de-reduccion-con-vastago-cilindrico-sst-50x10\/"},"modified":"2025-04-16T12:38:49","modified_gmt":"2025-04-16T09:38:49","slug":"casquillo-de-reduccion-con-vastago-cilindrico-sst-50x10","status":"publish","type":"product","link":"https:\/\/skamachine.com\/es\/urun\/casquillo-de-reduccion-con-vastago-cilindrico-sst-50x10\/","title":{"rendered":"Casquillo de reducci\u00f3n con v\u00e1stago cil\u00edndrico SST-50X10"},"content":{"rendered":"<p><img fetchpriority=\"high\" decoding=\"async\" class=\"alignnone wp-image-2464 size-full\" src=\"http:\/\/skamachine.com\/wp-content\/uploads\/2025\/04\/silindiril-saftli-reduksiyon-kovan-50.webp\" alt=\"\" width=\"1245\" height=\"895\" srcset=\"https:\/\/skamachine.com\/wp-content\/uploads\/2025\/04\/silindiril-saftli-reduksiyon-kovan-50.webp 1245w, https:\/\/skamachine.com\/wp-content\/uploads\/2025\/04\/silindiril-saftli-reduksiyon-kovan-50-600x431.webp 600w, https:\/\/skamachine.com\/wp-content\/uploads\/2025\/04\/silindiril-saftli-reduksiyon-kovan-50-300x216.webp 300w, https:\/\/skamachine.com\/wp-content\/uploads\/2025\/04\/silindiril-saftli-reduksiyon-kovan-50-1024x736.webp 1024w, https:\/\/skamachine.com\/wp-content\/uploads\/2025\/04\/silindiril-saftli-reduksiyon-kovan-50-768x552.webp 768w\" sizes=\"(max-width: 1245px) 100vw, 1245px\" \/><\/p>\n","protected":false},"excerpt":{"rendered":"<p><img fetchpriority=\"high\" decoding=\"async\" class=\"alignnone wp-image-2464 size-full\" src=\"http:\/\/skamachine.com\/wp-content\/uploads\/2025\/04\/silindiril-saftli-reduksiyon-kovan-50.webp\" alt=\"\" width=\"1245\" height=\"895\" srcset=\"https:\/\/skamachine.com\/wp-content\/uploads\/2025\/04\/silindiril-saftli-reduksiyon-kovan-50.webp 1245w, https:\/\/skamachine.com\/wp-content\/uploads\/2025\/04\/silindiril-saftli-reduksiyon-kovan-50-600x431.webp 600w, https:\/\/skamachine.com\/wp-content\/uploads\/2025\/04\/silindiril-saftli-reduksiyon-kovan-50-300x216.webp 300w, https:\/\/skamachine.com\/wp-content\/uploads\/2025\/04\/silindiril-saftli-reduksiyon-kovan-50-1024x736.webp 1024w, https:\/\/skamachine.com\/wp-content\/uploads\/2025\/04\/silindiril-saftli-reduksiyon-kovan-50-768x552.webp 768w\" sizes=\"(max-width: 1245px) 100vw, 1245px\" \/><\/p>\n","protected":false},"featured_media":9134,"comment_status":"open","ping_status":"closed","template":"","meta":[],"product_brand":[],"product_cat":[212],"product_tag":[],"class_list":{"0":"post-9133","1":"product","2":"type-product","3":"status-publish","4":"has-post-thumbnail","6":"product_cat-grupo-sspb-sst","8":"first","9":"instock","10":"shipping-taxable","11":"product-type-simple"},"_links":{"self":[{"href":"https:\/\/skamachine.com\/es\/wp-json\/wp\/v2\/product\/9133","targetHints":{"allow":["GET"]}}],"collection":[{"href":"https:\/\/skamachine.com\/es\/wp-json\/wp\/v2\/product"}],"about":[{"href":"https:\/\/skamachine.com\/es\/wp-json\/wp\/v2\/types\/product"}],"replies":[{"embeddable":true,"href":"https:\/\/skamachine.com\/es\/wp-json\/wp\/v2\/comments?post=9133"}],"wp:featuredmedia":[{"embeddable":true,"href":"https:\/\/skamachine.com\/es\/wp-json\/wp\/v2\/media\/9134"}],"wp:attachment":[{"href":"https:\/\/skamachine.com\/es\/wp-json\/wp\/v2\/media?parent=9133"}],"wp:term":[{"taxonomy":"product_brand","embeddable":true,"href":"https:\/\/skamachine.com\/es\/wp-json\/wp\/v2\/product_brand?post=9133"},{"taxonomy":"product_cat","embeddable":true,"href":"https:\/\/skamachine.com\/es\/wp-json\/wp\/v2\/product_cat?post=9133"},{"taxonomy":"product_tag","embeddable":true,"href":"https:\/\/skamachine.com\/es\/wp-json\/wp\/v2\/product_tag?post=9133"}],"curies":[{"name":"wp","href":"https:\/\/api.w.org\/{rel}","templated":true}]}}