{"id":10401,"date":"2025-04-16T11:02:27","date_gmt":"2025-04-16T08:02:27","guid":{"rendered":"https:\/\/skamachine.com\/urun\/casquillo-de-reduccion-con-vastago-cilindrico-sst-32x8\/"},"modified":"2025-07-08T10:17:30","modified_gmt":"2025-07-08T07:17:30","slug":"casquillo-de-reduccion-con-vastago-cilindrico-sst-32x8","status":"publish","type":"product","link":"https:\/\/skamachine.com\/es\/urun\/casquillo-de-reduccion-con-vastago-cilindrico-sst-32x8\/","title":{"rendered":"Casquillo de reducci\u00f3n con v\u00e1stago cil\u00edndrico SST-32&#215;8"},"content":{"rendered":"<p><img fetchpriority=\"high\" decoding=\"async\" class=\"alignnone wp-image-2519 size-full\" src=\"http:\/\/skamachine.com\/wp-content\/uploads\/2025\/04\/silindiril-saftli-reduksiyon-kovan.webp\" alt=\"\" width=\"1376\" height=\"1144\" srcset=\"https:\/\/skamachine.com\/wp-content\/uploads\/2025\/04\/silindiril-saftli-reduksiyon-kovan.webp 1376w, https:\/\/skamachine.com\/wp-content\/uploads\/2025\/04\/silindiril-saftli-reduksiyon-kovan-600x499.webp 600w, https:\/\/skamachine.com\/wp-content\/uploads\/2025\/04\/silindiril-saftli-reduksiyon-kovan-300x249.webp 300w, https:\/\/skamachine.com\/wp-content\/uploads\/2025\/04\/silindiril-saftli-reduksiyon-kovan-1024x851.webp 1024w, https:\/\/skamachine.com\/wp-content\/uploads\/2025\/04\/silindiril-saftli-reduksiyon-kovan-768x639.webp 768w\" sizes=\"(max-width: 1376px) 100vw, 1376px\" \/><\/p>\n","protected":false},"excerpt":{"rendered":"<p><img fetchpriority=\"high\" decoding=\"async\" class=\"alignnone wp-image-2519 size-full\" src=\"http:\/\/skamachine.com\/wp-content\/uploads\/2025\/04\/silindiril-saftli-reduksiyon-kovan.webp\" alt=\"\" width=\"1376\" height=\"1144\" srcset=\"https:\/\/skamachine.com\/wp-content\/uploads\/2025\/04\/silindiril-saftli-reduksiyon-kovan.webp 1376w, https:\/\/skamachine.com\/wp-content\/uploads\/2025\/04\/silindiril-saftli-reduksiyon-kovan-600x499.webp 600w, https:\/\/skamachine.com\/wp-content\/uploads\/2025\/04\/silindiril-saftli-reduksiyon-kovan-300x249.webp 300w, https:\/\/skamachine.com\/wp-content\/uploads\/2025\/04\/silindiril-saftli-reduksiyon-kovan-1024x851.webp 1024w, https:\/\/skamachine.com\/wp-content\/uploads\/2025\/04\/silindiril-saftli-reduksiyon-kovan-768x639.webp 768w\" sizes=\"(max-width: 1376px) 100vw, 1376px\" \/><\/p>\n","protected":false},"featured_media":10402,"comment_status":"open","ping_status":"closed","template":"","meta":[],"product_brand":[],"product_cat":[212],"product_tag":[],"class_list":{"0":"post-10401","1":"product","2":"type-product","3":"status-publish","4":"has-post-thumbnail","6":"product_cat-grupo-sspb-sst","8":"first","9":"instock","10":"shipping-taxable","11":"product-type-simple"},"_links":{"self":[{"href":"https:\/\/skamachine.com\/es\/wp-json\/wp\/v2\/product\/10401","targetHints":{"allow":["GET"]}}],"collection":[{"href":"https:\/\/skamachine.com\/es\/wp-json\/wp\/v2\/product"}],"about":[{"href":"https:\/\/skamachine.com\/es\/wp-json\/wp\/v2\/types\/product"}],"replies":[{"embeddable":true,"href":"https:\/\/skamachine.com\/es\/wp-json\/wp\/v2\/comments?post=10401"}],"wp:featuredmedia":[{"embeddable":true,"href":"https:\/\/skamachine.com\/es\/wp-json\/wp\/v2\/media\/10402"}],"wp:attachment":[{"href":"https:\/\/skamachine.com\/es\/wp-json\/wp\/v2\/media?parent=10401"}],"wp:term":[{"taxonomy":"product_brand","embeddable":true,"href":"https:\/\/skamachine.com\/es\/wp-json\/wp\/v2\/product_brand?post=10401"},{"taxonomy":"product_cat","embeddable":true,"href":"https:\/\/skamachine.com\/es\/wp-json\/wp\/v2\/product_cat?post=10401"},{"taxonomy":"product_tag","embeddable":true,"href":"https:\/\/skamachine.com\/es\/wp-json\/wp\/v2\/product_tag?post=10401"}],"curies":[{"name":"wp","href":"https:\/\/api.w.org\/{rel}","templated":true}]}}