{"id":8361,"date":"2024-11-22T14:51:20","date_gmt":"2024-11-22T11:51:20","guid":{"rendered":"https:\/\/skamachine.com\/oferta-de-productos-al-por-mayor\/"},"modified":"2026-03-06T10:08:18","modified_gmt":"2026-03-06T07:08:18","slug":"oferta-de-productos-al-por-mayor","status":"publish","type":"page","link":"https:\/\/skamachine.com\/es\/oferta-de-productos-al-por-mayor\/","title":{"rendered":"Oferta de productos al por mayor"},"content":{"rendered":"\t\t<div data-elementor-type=\"wp-page\" data-elementor-id=\"8361\" class=\"elementor elementor-8361 elementor-1221\" data-elementor-post-type=\"page\">\n\t\t\t\t<div class=\"elementor-element elementor-element-29d3bed e-flex e-con-boxed e-con e-parent\" data-id=\"29d3bed\" data-element_type=\"container\" data-e-type=\"container\">\n\t\t\t\t\t<div class=\"e-con-inner\">\n\t\t<div class=\"elementor-element elementor-element-a9872b0 e-con-full e-flex e-con e-child\" data-id=\"a9872b0\" data-element_type=\"container\" data-e-type=\"container\" data-settings=\"{&quot;background_background&quot;:&quot;classic&quot;}\">\n\t\t\t\t<div class=\"elementor-element elementor-element-4738100 elementor-widget elementor-widget-woocommerce-breadcrumb\" data-id=\"4738100\" data-element_type=\"widget\" data-e-type=\"widget\" data-widget_type=\"woocommerce-breadcrumb.default\">\n\t\t\t\t<div class=\"elementor-widget-container\">\n\t\t\t\t\t<nav class=\"woocommerce-breadcrumb\" aria-label=\"Breadcrumb\">Inicio<\/nav>\t\t\t\t<\/div>\n\t\t\t\t<\/div>\n\t\t\t\t<div class=\"elementor-element elementor-element-4bb9cb9 elementor-widget elementor-widget-heading\" data-id=\"4bb9cb9\" data-element_type=\"widget\" data-e-type=\"widget\" data-widget_type=\"heading.default\">\n\t\t\t\t<div class=\"elementor-widget-container\">\n\t\t\t\t\t<div class=\"elementor-heading-title elementor-size-default\">Men\u00fa r\u00e1pido<\/div>\t\t\t\t<\/div>\n\t\t\t\t<\/div>\n\t\t\t\t<div class=\"elementor-element elementor-element-54db082 elementor-nav-menu__align-justify elementor-nav-menu--dropdown-none elementor-widget elementor-widget-nav-menu\" data-id=\"54db082\" data-element_type=\"widget\" data-e-type=\"widget\" data-settings=\"{&quot;layout&quot;:&quot;vertical&quot;,&quot;submenu_icon&quot;:{&quot;value&quot;:&quot;&lt;svg aria-hidden=\\&quot;true\\&quot; class=\\&quot;e-font-icon-svg e-fas-angle-down\\&quot; viewBox=\\&quot;0 0 320 512\\&quot; xmlns=\\&quot;http:\\\/\\\/www.w3.org\\\/2000\\\/svg\\&quot;&gt;&lt;path d=\\&quot;M143 352.3L7 216.3c-9.4-9.4-9.4-24.6 0-33.9l22.6-22.6c9.4-9.4 24.6-9.4 33.9 0l96.4 96.4 96.4-96.4c9.4-9.4 24.6-9.4 33.9 0l22.6 22.6c9.4 9.4 9.4 24.6 0 33.9l-136 136c-9.2 9.4-24.4 9.4-33.8 0z\\&quot;&gt;&lt;\\\/path&gt;&lt;\\\/svg&gt;&quot;,&quot;library&quot;:&quot;fa-solid&quot;}}\" data-widget_type=\"nav-menu.default\">\n\t\t\t\t<div class=\"elementor-widget-container\">\n\t\t\t\t\t\t\t\t<nav aria-label=\"Men\u00fc\" class=\"elementor-nav-menu--main elementor-nav-menu__container elementor-nav-menu--layout-vertical e--pointer-background e--animation-fade\">\n\t\t\t\t<ul id=\"menu-1-54db082\" class=\"elementor-nav-menu sm-vertical\"><li class=\"menu-item menu-item-type-post_type menu-item-object-page menu-item-9696\"><a href=\"https:\/\/skamachine.com\/es\/sobre-nosotros\/\" class=\"elementor-item\">Sobre nosotros<\/a><\/li>\n<li class=\"menu-item menu-item-type-post_type menu-item-object-page menu-item-9697\"><a href=\"https:\/\/skamachine.com\/es\/comunicacion\/\" class=\"elementor-item\">Comunicaci\u00f3n<\/a><\/li>\n<li class=\"menu-item menu-item-type-post_type menu-item-object-page menu-item-9698\"><a href=\"https:\/\/skamachine.com\/es\/nuestros-documentos\/\" class=\"elementor-item\">Nuestros documentos<\/a><\/li>\n<li class=\"menu-item menu-item-type-post_type menu-item-object-page menu-item-9699\"><a href=\"https:\/\/skamachine.com\/es\/oferta-de-productos-al-por-mayor\/\" class=\"elementor-item\">Oferta de productos al por mayor<\/a><\/li>\n<li class=\"menu-item menu-item-type-post_type menu-item-object-page menu-item-9700\"><a href=\"https:\/\/skamachine.com\/es\/catalogo-electronico\/\" class=\"elementor-item\">Cat\u00e1logo electr\u00f3nico<\/a><\/li>\n<li class=\"menu-item menu-item-type-post_type menu-item-object-page current_page_parent menu-item-9701\"><a href=\"https:\/\/skamachine.com\/es\/noticias\/\" class=\"elementor-item\">Noticias<\/a><\/li>\n<\/ul>\t\t\t<\/nav>\n\t\t\t\t\t\t<nav class=\"elementor-nav-menu--dropdown elementor-nav-menu__container\" aria-hidden=\"true\">\n\t\t\t\t<ul id=\"menu-2-54db082\" class=\"elementor-nav-menu sm-vertical\"><li class=\"menu-item menu-item-type-post_type menu-item-object-page menu-item-9696\"><a href=\"https:\/\/skamachine.com\/es\/sobre-nosotros\/\" class=\"elementor-item\" tabindex=\"-1\">Sobre nosotros<\/a><\/li>\n<li class=\"menu-item menu-item-type-post_type menu-item-object-page menu-item-9697\"><a href=\"https:\/\/skamachine.com\/es\/comunicacion\/\" class=\"elementor-item\" tabindex=\"-1\">Comunicaci\u00f3n<\/a><\/li>\n<li class=\"menu-item menu-item-type-post_type menu-item-object-page menu-item-9698\"><a href=\"https:\/\/skamachine.com\/es\/nuestros-documentos\/\" class=\"elementor-item\" tabindex=\"-1\">Nuestros documentos<\/a><\/li>\n<li class=\"menu-item menu-item-type-post_type menu-item-object-page menu-item-9699\"><a href=\"https:\/\/skamachine.com\/es\/oferta-de-productos-al-por-mayor\/\" class=\"elementor-item\" tabindex=\"-1\">Oferta de productos al por mayor<\/a><\/li>\n<li class=\"menu-item menu-item-type-post_type menu-item-object-page menu-item-9700\"><a href=\"https:\/\/skamachine.com\/es\/catalogo-electronico\/\" class=\"elementor-item\" tabindex=\"-1\">Cat\u00e1logo electr\u00f3nico<\/a><\/li>\n<li class=\"menu-item menu-item-type-post_type menu-item-object-page current_page_parent menu-item-9701\"><a href=\"https:\/\/skamachine.com\/es\/noticias\/\" class=\"elementor-item\" tabindex=\"-1\">Noticias<\/a><\/li>\n<\/ul>\t\t\t<\/nav>\n\t\t\t\t\t\t<\/div>\n\t\t\t\t<\/div>\n\t\t\t\t<div class=\"elementor-element elementor-element-0776af4 elementor-cta--skin-cover elementor-bg-transform elementor-bg-transform-zoom-in elementor-widget elementor-widget-call-to-action\" data-id=\"0776af4\" data-element_type=\"widget\" data-e-type=\"widget\" data-widget_type=\"call-to-action.default\">\n\t\t\t\t<div class=\"elementor-widget-container\">\n\t\t\t\t\t\t\t<div class=\"elementor-cta\">\n\t\t\t\t\t<div class=\"elementor-cta__bg-wrapper\">\n\t\t\t\t<div class=\"elementor-cta__bg elementor-bg\" style=\"background-image: url(https:\/\/skamachine.com\/wp-content\/uploads\/2025\/05\/ska-banner-2-1.jpg);\" role=\"img\" aria-label=\"ska banner 2 (1)\"><\/div>\n\t\t\t\t<div class=\"elementor-cta__bg-overlay\"><\/div>\n\t\t\t<\/div>\n\t\t\t\t\t\t\t<div class=\"elementor-cta__content\">\n\t\t\t\t\n\t\t\t\t\t\t\t\t\t<div class=\"elementor-cta__title elementor-cta__content-item elementor-content-item\">\n\t\t\t\t\t\tCont\u00e1ctenos\t\t\t\t\t<\/div>\n\t\t\t\t\n\t\t\t\t\t\t\t\t\t<div class=\"elementor-cta__description elementor-cta__content-item elementor-content-item\">\n\t\t\t\t\t\t\u00a1Cont\u00e1ctanos para obtener informaci\u00f3n detallada sobre nuestros productos y realizar un pedido!\t\t\t\t\t<\/div>\n\t\t\t\t\n\t\t\t\t\t\t\t\t\t<div class=\"elementor-cta__button-wrapper elementor-cta__content-item elementor-content-item \">\n\t\t\t\t\t<a class=\"elementor-cta__button elementor-button elementor-size-\" href=\"https:\/\/skamachine.com\/es\/comunicacion\/\">\n\t\t\t\t\t\tCont\u00e1ctenos\t\t\t\t\t<\/a>\n\t\t\t\t\t<\/div>\n\t\t\t\t\t\t\t<\/div>\n\t\t\t\t\t\t<\/div>\n\t\t\t\t\t\t<\/div>\n\t\t\t\t<\/div>\n\t\t\t\t<\/div>\n\t\t<div class=\"elementor-element elementor-element-17b0c61 e-con-full e-flex e-con e-child\" data-id=\"17b0c61\" data-element_type=\"container\" data-e-type=\"container\" data-settings=\"{&quot;background_background&quot;:&quot;classic&quot;}\">\n\t\t\t\t<div class=\"elementor-element elementor-element-f85e47d elementor-widget elementor-widget-heading\" data-id=\"f85e47d\" data-element_type=\"widget\" data-e-type=\"widget\" data-widget_type=\"heading.default\">\n\t\t\t\t<div class=\"elementor-widget-container\">\n\t\t\t\t\t<h2 class=\"elementor-heading-title elementor-size-default\">Solicitar una cotizaci\u00f3n<\/h2>\t\t\t\t<\/div>\n\t\t\t\t<\/div>\n\t\t\t\t<div class=\"elementor-element elementor-element-064423d elementor-widget elementor-widget-text-editor\" data-id=\"064423d\" data-element_type=\"widget\" data-e-type=\"widget\" data-widget_type=\"text-editor.default\">\n\t\t\t\t<div class=\"elementor-widget-container\">\n\t\t\t\t\t\t\t\t\t<p>Complete el formulario para recibir una oferta de productos al por mayor. Nos pondremos en contacto con usted lo antes posible.<\/p>\t\t\t\t\t\t\t\t<\/div>\n\t\t\t\t<\/div>\n\t\t\t\t<div class=\"elementor-element elementor-element-25aee3e elementor-widget-divider--view-line elementor-widget elementor-widget-divider\" data-id=\"25aee3e\" data-element_type=\"widget\" data-e-type=\"widget\" data-widget_type=\"divider.default\">\n\t\t\t\t<div class=\"elementor-widget-container\">\n\t\t\t\t\t\t\t<div class=\"elementor-divider\">\n\t\t\t<span class=\"elementor-divider-separator\">\n\t\t\t\t\t\t<\/span>\n\t\t<\/div>\n\t\t\t\t\t\t<\/div>\n\t\t\t\t<\/div>\n\t\t\t\t<div class=\"elementor-element elementor-element-d9c3446 elementor-button-align-start elementor-widget elementor-widget-form\" data-id=\"d9c3446\" data-element_type=\"widget\" data-e-type=\"widget\" data-settings=\"{&quot;step_next_label&quot;:&quot;Siguiente&quot;,&quot;step_previous_label&quot;:&quot;Anterior&quot;,&quot;button_width&quot;:&quot;100&quot;,&quot;step_type&quot;:&quot;number_text&quot;,&quot;step_icon_shape&quot;:&quot;circle&quot;}\" data-widget_type=\"form.default\">\n\t\t\t\t<div class=\"elementor-widget-container\">\n\t\t\t\t\t\t\t<form class=\"elementor-form\" method=\"post\" name=\"Formulario de oferta de producto\" aria-label=\"Formulario de oferta de producto\" novalidate=\"\">\n\t\t\t<input type=\"hidden\" name=\"post_id\" value=\"8361\"\/>\n\t\t\t<input type=\"hidden\" name=\"form_id\" value=\"d9c3446\"\/>\n\t\t\t<input type=\"hidden\" name=\"referer_title\" value=\"Oferta de productos al por mayor - SKA Hassas Tak\u0131m Tutucular\u0131\" \/>\n\n\t\t\t\t\t\t\t<input type=\"hidden\" name=\"queried_id\" value=\"8361\"\/>\n\t\t\t\n\t\t\t<div class=\"elementor-form-fields-wrapper elementor-labels-above\">\n\t\t\t\t\t\t\t\t<div class=\"elementor-field-type-text elementor-field-group elementor-column elementor-field-group-field_faf030c elementor-col-50 elementor-field-required\">\n\t\t\t\t\t\t\t\t\t\t\t\t<label for=\"form-field-field_faf030c\" class=\"elementor-field-label\">\n\t\t\t\t\t\t\t\tnombre de empresa\t\t\t\t\t\t\t<\/label>\n\t\t\t\t\t\t\t\t\t\t\t\t\t\t<input size=\"1\" type=\"text\" name=\"form_fields[field_faf030c]\" id=\"form-field-field_faf030c\" class=\"elementor-field elementor-size-md  elementor-field-textual\" placeholder=\"nombre de empresa\" required=\"required\">\n\t\t\t\t\t\t\t\t\t\t\t<\/div>\n\t\t\t\t\t\t\t\t<div class=\"elementor-field-type-text elementor-field-group elementor-column elementor-field-group-name elementor-col-50 elementor-field-required\">\n\t\t\t\t\t\t\t\t\t\t\t\t<label for=\"form-field-name\" class=\"elementor-field-label\">\n\t\t\t\t\t\t\t\tNombre Apellido\t\t\t\t\t\t\t<\/label>\n\t\t\t\t\t\t\t\t\t\t\t\t\t\t<input size=\"1\" type=\"text\" name=\"form_fields[name]\" id=\"form-field-name\" class=\"elementor-field elementor-size-md  elementor-field-textual\" placeholder=\"Nombre Apellido\" required=\"required\">\n\t\t\t\t\t\t\t\t\t\t\t<\/div>\n\t\t\t\t\t\t\t\t<div class=\"elementor-field-type-tel elementor-field-group elementor-column elementor-field-group-field_c294f22 elementor-col-50 elementor-field-required\">\n\t\t\t\t\t\t\t\t\t\t\t\t<label for=\"form-field-field_c294f22\" class=\"elementor-field-label\">\n\t\t\t\t\t\t\t\tN\u00famero de tel\u00e9fono\t\t\t\t\t\t\t<\/label>\n\t\t\t\t\t\t\t\t<input size=\"1\" type=\"tel\" name=\"form_fields[field_c294f22]\" id=\"form-field-field_c294f22\" class=\"elementor-field elementor-size-md  elementor-field-textual\" placeholder=\"N\u00famero de tel\u00e9fono\" required=\"required\" pattern=\"[0-9()#&amp;+*-=.]+\" title=\"Solo se aceptan n\u00fameros y caracteres de tel\u00e9fono (#,-,*,etc).\">\n\n\t\t\t\t\t\t<\/div>\n\t\t\t\t\t\t\t\t<div class=\"elementor-field-type-email elementor-field-group elementor-column elementor-field-group-email elementor-col-50 elementor-field-required\">\n\t\t\t\t\t\t\t\t\t\t\t\t<label for=\"form-field-email\" class=\"elementor-field-label\">\n\t\t\t\t\t\t\t\tDirecci\u00f3n de correo electr\u00f3nico\t\t\t\t\t\t\t<\/label>\n\t\t\t\t\t\t\t\t\t\t\t\t\t\t<input size=\"1\" type=\"email\" name=\"form_fields[email]\" id=\"form-field-email\" class=\"elementor-field elementor-size-md  elementor-field-textual\" placeholder=\"Direcci\u00f3n de correo electr\u00f3nico\" required=\"required\">\n\t\t\t\t\t\t\t\t\t\t\t<\/div>\n\t\t\t\t\t\t\t\t<div class=\"elementor-field-type-text elementor-field-group elementor-column elementor-field-group-field_5db8298 elementor-col-100 elementor-field-required\">\n\t\t\t\t\t\t\t\t\t\t\t\t<label for=\"form-field-field_5db8298\" class=\"elementor-field-label\">\n\t\t\t\t\t\t\t\tDirecci\u00f3n de su empresa\t\t\t\t\t\t\t<\/label>\n\t\t\t\t\t\t\t\t\t\t\t\t\t\t<input size=\"1\" type=\"text\" name=\"form_fields[field_5db8298]\" id=\"form-field-field_5db8298\" class=\"elementor-field elementor-size-md  elementor-field-textual\" placeholder=\"Direcci\u00f3n de su empresa\" required=\"required\">\n\t\t\t\t\t\t\t\t\t\t\t<\/div>\n\t\t\t\t\t\t\t\t<div class=\"elementor-field-type-html elementor-field-group elementor-column elementor-field-group-field_49caa52 elementor-col-100\">\n\t\t\t\t\tPuede seleccionar m\u00e1s de un grupo de productos.\t\t\t\t<\/div>\n\t\t\t\t\t\t\t\t<div class=\"elementor-field-type-checkbox elementor-field-group elementor-column elementor-field-group-field_04a6e78 elementor-col-100\">\n\t\t\t\t\t\t\t\t\t\t\t\t<label for=\"form-field-field_04a6e78\" class=\"elementor-field-label\">\n\t\t\t\t\t\t\t\tGrupo de productos\t\t\t\t\t\t\t<\/label>\n\t\t\t\t\t\t<div class=\"elementor-field-subgroup  \"><span class=\"elementor-field-option\"><input type=\"checkbox\" value=\"Grupo BBT\" id=\"form-field-field_04a6e78-0\" name=\"form_fields[field_04a6e78][]\"> <label for=\"form-field-field_04a6e78-0\">Grupo BBT<\/label><\/span><span class=\"elementor-field-option\"><input type=\"checkbox\" value=\"Grupo BT\" id=\"form-field-field_04a6e78-1\" name=\"form_fields[field_04a6e78][]\"> <label for=\"form-field-field_04a6e78-1\">Grupo BT<\/label><\/span><span class=\"elementor-field-option\"><input type=\"checkbox\" value=\"Adaptador de montaje BT\" id=\"form-field-field_04a6e78-2\" name=\"form_fields[field_04a6e78][]\"> <label for=\"form-field-field_04a6e78-2\">Adaptador de montaje BT<\/label><\/span><span class=\"elementor-field-option\"><input type=\"checkbox\" value=\"Patas blandas CNC\" id=\"form-field-field_04a6e78-3\" name=\"form_fields[field_04a6e78][]\"> <label for=\"form-field-field_04a6e78-3\">Patas blandas CNC<\/label><\/span><span class=\"elementor-field-option\"><input type=\"checkbox\" value=\"Llave tipo ER\" id=\"form-field-field_04a6e78-4\" name=\"form_fields[field_04a6e78][]\"> <label for=\"form-field-field_04a6e78-4\">Llave tipo ER<\/label><\/span><span class=\"elementor-field-option\"><input type=\"checkbox\" value=\"Grupo ISO\" id=\"form-field-field_04a6e78-5\" name=\"form_fields[field_04a6e78][]\"> <label for=\"form-field-field_04a6e78-5\">Grupo ISO<\/label><\/span><span class=\"elementor-field-option\"><input type=\"checkbox\" value=\"Cubiertas\" id=\"form-field-field_04a6e78-6\" name=\"form_fields[field_04a6e78][]\"> <label for=\"form-field-field_04a6e78-6\">Cubiertas<\/label><\/span><span class=\"elementor-field-option\"><input type=\"checkbox\" value=\"Portaherramientas autom\u00e1ticos deslizantes\" id=\"form-field-field_04a6e78-7\" name=\"form_fields[field_04a6e78][]\"> <label for=\"form-field-field_04a6e78-7\">Portaherramientas autom\u00e1ticos deslizantes<\/label><\/span><span class=\"elementor-field-option\"><input type=\"checkbox\" value=\"Mandriles de pinza\" id=\"form-field-field_04a6e78-8\" name=\"form_fields[field_04a6e78][]\"> <label for=\"form-field-field_04a6e78-8\">Mandriles de pinza<\/label><\/span><span class=\"elementor-field-option\"><input type=\"checkbox\" value=\"Grupo de pinzas\" id=\"form-field-field_04a6e78-9\" name=\"form_fields[field_04a6e78][]\"> <label for=\"form-field-field_04a6e78-9\">Grupo de pinzas<\/label><\/span><span class=\"elementor-field-option\"><input type=\"checkbox\" value=\"Grupo de tiradores\" id=\"form-field-field_04a6e78-10\" name=\"form_fields[field_04a6e78][]\"> <label for=\"form-field-field_04a6e78-10\">Grupo de tiradores<\/label><\/span><span class=\"elementor-field-option\"><input type=\"checkbox\" value=\"Grupo SK\" id=\"form-field-field_04a6e78-11\" name=\"form_fields[field_04a6e78][]\"> <label for=\"form-field-field_04a6e78-11\">Grupo SK<\/label><\/span><span class=\"elementor-field-option\"><input type=\"checkbox\" value=\"Grupo SSPB-SST\" id=\"form-field-field_04a6e78-12\" name=\"form_fields[field_04a6e78][]\"> <label for=\"form-field-field_04a6e78-12\">Grupo SSPB-SST<\/label><\/span><span class=\"elementor-field-option\"><input type=\"checkbox\" value=\"Carro de herramientas\" id=\"form-field-field_04a6e78-13\" name=\"form_fields[field_04a6e78][]\"> <label for=\"form-field-field_04a6e78-13\">Carro de herramientas<\/label><\/span><span class=\"elementor-field-option\"><input type=\"checkbox\" value=\"Grupo de garras de escaneo\" id=\"form-field-field_04a6e78-14\" name=\"form_fields[field_04a6e78][]\"> <label for=\"form-field-field_04a6e78-14\">Grupo de garras de escaneo<\/label><\/span><\/div>\t\t\t\t<\/div>\n\t\t\t\t\t\t\t\t<div class=\"elementor-field-type-text elementor-field-group elementor-column elementor-field-group-field_6666eeb elementor-col-100 elementor-field-required\">\n\t\t\t\t\t\t\t\t\t\t\t\t<label for=\"form-field-field_6666eeb\" class=\"elementor-field-label\">\n\t\t\t\t\t\t\t\tSujeto\t\t\t\t\t\t\t<\/label>\n\t\t\t\t\t\t\t\t\t\t\t\t\t\t<input size=\"1\" type=\"text\" name=\"form_fields[field_6666eeb]\" id=\"form-field-field_6666eeb\" class=\"elementor-field elementor-size-md  elementor-field-textual\" placeholder=\"Sujeto\" required=\"required\">\n\t\t\t\t\t\t\t\t\t\t\t<\/div>\n\t\t\t\t\t\t\t\t<div class=\"elementor-field-type-textarea elementor-field-group elementor-column elementor-field-group-message elementor-col-100\">\n\t\t\t\t\t\t\t\t\t\t\t\t<label for=\"form-field-message\" class=\"elementor-field-label\">\n\t\t\t\t\t\t\t\tSu mensaje \/ preguntas\t\t\t\t\t\t\t<\/label>\n\t\t\t\t\t\t<textarea class=\"elementor-field-textual elementor-field  elementor-size-md\" name=\"form_fields[message]\" id=\"form-field-message\" rows=\"4\" placeholder=\"Su mensaje \/ preguntas\"><\/textarea>\t\t\t\t<\/div>\n\t\t\t\t\t\t\t\t<div class=\"elementor-field-type-recaptcha_v3 elementor-field-group elementor-column elementor-field-group-field_0b56f4b elementor-col-100 recaptcha_v3-bottomright\">\n\t\t\t\t\t<div class=\"elementor-field\" id=\"form-field-field_0b56f4b\"><div class=\"elementor-g-recaptcha\" data-sitekey=\"6Lfqg4EsAAAAAM4-r6VRNgomk2m51TDleD4ECCr7\" data-type=\"v3\" data-action=\"Form\" data-badge=\"bottomright\" data-size=\"invisible\"><\/div><\/div>\t\t\t\t<\/div>\n\t\t\t\t\t\t\t\t<div class=\"elementor-field-group elementor-column elementor-field-type-submit elementor-col-100 e-form__buttons\">\n\t\t\t\t\t<button class=\"elementor-button elementor-size-md\" type=\"submit\">\n\t\t\t\t\t\t<span class=\"elementor-button-content-wrapper\">\n\t\t\t\t\t\t\t\t\t\t\t\t\t\t\t\t\t\t\t\t\t\t<span class=\"elementor-button-text\">Enviar formulario<\/span>\n\t\t\t\t\t\t\t\t\t\t\t\t\t<\/span>\n\t\t\t\t\t<\/button>\n\t\t\t\t<\/div>\n\t\t\t<\/div>\n\t\t<\/form>\n\t\t\t\t\t\t<\/div>\n\t\t\t\t<\/div>\n\t\t\t\t<\/div>\n\t\t\t\t\t<\/div>\n\t\t\t\t<\/div>\n\t\t\t\t<\/div>\n\t\t","protected":false},"excerpt":{"rendered":"<p>Men\u00fa r\u00e1pido Cont\u00e1ctenos \u00a1Cont\u00e1ctanos para obtener informaci\u00f3n detallada sobre nuestros productos y realizar un pedido! Cont\u00e1ctenos Solicitar una cotizaci\u00f3n Complete el formulario para recibir una oferta de productos al por mayor. Nos pondremos en contacto con usted lo antes posible.<\/p>\n","protected":false},"author":1,"featured_media":0,"parent":0,"menu_order":0,"comment_status":"closed","ping_status":"closed","template":"","meta":{"footnotes":""},"class_list":["post-8361","page","type-page","status-publish","hentry"],"_links":{"self":[{"href":"https:\/\/skamachine.com\/es\/wp-json\/wp\/v2\/pages\/8361","targetHints":{"allow":["GET"]}}],"collection":[{"href":"https:\/\/skamachine.com\/es\/wp-json\/wp\/v2\/pages"}],"about":[{"href":"https:\/\/skamachine.com\/es\/wp-json\/wp\/v2\/types\/page"}],"author":[{"embeddable":true,"href":"https:\/\/skamachine.com\/es\/wp-json\/wp\/v2\/users\/1"}],"replies":[{"embeddable":true,"href":"https:\/\/skamachine.com\/es\/wp-json\/wp\/v2\/comments?post=8361"}],"version-history":[{"count":7,"href":"https:\/\/skamachine.com\/es\/wp-json\/wp\/v2\/pages\/8361\/revisions"}],"predecessor-version":[{"id":10995,"href":"https:\/\/skamachine.com\/es\/wp-json\/wp\/v2\/pages\/8361\/revisions\/10995"}],"wp:attachment":[{"href":"https:\/\/skamachine.com\/es\/wp-json\/wp\/v2\/media?parent=8361"}],"curies":[{"name":"wp","href":"https:\/\/api.w.org\/{rel}","templated":true}]}}